{"id":11987,"date":"2022-12-21T08:32:26","date_gmt":"2022-12-21T08:32:26","guid":{"rendered":"https:\/\/albertolongo.it\/privacy-policy\/"},"modified":"2022-12-22T10:23:43","modified_gmt":"2022-12-22T10:23:43","slug":"privacy-policy","status":"publish","type":"page","link":"https:\/\/albertolongo.it\/en\/privacy-policy\/","title":{"rendered":"Privacy policy"},"content":{"rendered":"\t\t<div data-elementor-type=\"wp-page\" data-elementor-id=\"11987\" class=\"elementor elementor-11987 elementor-11914\" data-elementor-post-type=\"page\">\n\t\t\t\t\t\t\t<div class=\"elementor-element elementor-element-99df86d e-flex e-con-boxed e-con\" data-id=\"99df86d\" data-element_type=\"container\" data-settings=\"{&quot;content_width&quot;:&quot;boxed&quot;}\">\n\t\t\t\t\t<div class=\"e-con-inner\">\n\t\t\t\t<div class=\"elementor-element elementor-element-d0576ac elementor-invisible elementor-widget elementor-widget-heading\" data-id=\"d0576ac\" data-element_type=\"widget\" data-settings=\"{&quot;_animation&quot;:&quot;fadeIn&quot;}\" data-widget_type=\"heading.default\">\n\t\t\t\t<div class=\"elementor-widget-container\">\n\t\t\t<style>\/*! elementor - v3.14.0 - 26-06-2023 *\/\n.elementor-heading-title{padding:0;margin:0;line-height:1}.elementor-widget-heading .elementor-heading-title[class*=elementor-size-]>a{color:inherit;font-size:inherit;line-height:inherit}.elementor-widget-heading .elementor-heading-title.elementor-size-small{font-size:15px}.elementor-widget-heading .elementor-heading-title.elementor-size-medium{font-size:19px}.elementor-widget-heading .elementor-heading-title.elementor-size-large{font-size:29px}.elementor-widget-heading .elementor-heading-title.elementor-size-xl{font-size:39px}.elementor-widget-heading .elementor-heading-title.elementor-size-xxl{font-size:59px}<\/style><h1 class=\"elementor-heading-title elementor-size-default\">Privacy and cookie policy<\/h1>\t\t<\/div>\n\t\t\t\t<\/div>\n\t\t\t\t<div class=\"elementor-element elementor-element-ea368c2 elementor-widget elementor-widget-text-editor\" data-id=\"ea368c2\" data-element_type=\"widget\" data-widget_type=\"text-editor.default\">\n\t\t\t\t<div class=\"elementor-widget-container\">\n\t\t\t<style>\/*! elementor - v3.14.0 - 26-06-2023 *\/\n.elementor-widget-text-editor.elementor-drop-cap-view-stacked .elementor-drop-cap{background-color:#69727d;color:#fff}.elementor-widget-text-editor.elementor-drop-cap-view-framed .elementor-drop-cap{color:#69727d;border:3px solid;background-color:transparent}.elementor-widget-text-editor:not(.elementor-drop-cap-view-default) .elementor-drop-cap{margin-top:8px}.elementor-widget-text-editor:not(.elementor-drop-cap-view-default) .elementor-drop-cap-letter{width:1em;height:1em}.elementor-widget-text-editor .elementor-drop-cap{float:left;text-align:center;line-height:1;font-size:50px}.elementor-widget-text-editor .elementor-drop-cap-letter{display:inline-block}<\/style>\t\t\t\t<p>Ai sensi dell\u2019art. 13 del Regolamento Comunitario 679\/2016\/UE <\/p>\n<p>Con la presente nota Agricole Alberto Longo SAARL intende informare gli utenti visitatori del sito web albertolongo.it (di seguito il \u201cSito\u201d) della Politica adottata in materia di Protezione dei dati personali sottolineando il proprio impegno ed attenzione con riferimento alla tutela della privacy dei visitatori del Sito.<\/p>\n<p>La navigazione all\u2019interno del Sito \u00e8 libera e non richiede registrazione alcuna, con eccezione di alcune aree in cui l\u2019utente pu\u00f2 liberamente ed espressamente fornire una serie di dati che lo riguardano per accedere a servizi specificamente individuati. Laddove pertanto il visitatore intenda fornire i propri dati personali per accedere a tali ulteriori servizi, esso sar\u00e0 espressamente informato ai sensi dell\u2019art. 13 del Regolamento Comunitario 679\/2016\/UE, Regolamento europeo in materia di protezione dei dati personali (di seguito il \u201cRegolamento\u201d), con indicazione (a titolo esemplificativo) delle finalit\u00e0 e modalit\u00e0 di utilizzo dei dati da parte di Agricole Alberto Longo, nonch\u00e9 dei diritti spettanti ai sensi degli artt. da 15 a 22 del Regolamento.  <\/p>\n<p>Informazioni sulla tutela dei dati personali<\/p>\n<p>Ai sensi e per gli effetti del Regolamento Agricole Alberto Longo SAARL fornisce le seguenti informazioni.<\/p>\n<p>1. Il Titolare e Responsabile del Trattamento<\/p>\n<p>Il Titolare del trattamento dei Dati Personali \u00e8 Agricole Alberto Longo SAARL, con sede in Via Piccinni, 12 Bari.<\/p>\n<p>Responsabile del Trattamento, relativamente alla gestione del Sito, \u00e8 il responsabile della privacy di Agricole Alberto Longo SAARL. Potrai richiedere il nominativo del Responsabile, nonch\u00e9 l\u2019elenco completo dei Responsabili del trattamento inviando una richiesta ai recapiti indicati al punto 7. <\/p>\n<p>2. Tipi di dati personali trattati<\/p>\n<p>Per accedere al Sito non \u00e8 necessario procedere ad alcuna registrazione. Esistono tuttavia all\u2019interno del Sito delle sezioni che richiedono una registrazione o l\u2019utilizzo di username e password, oppure dei servizi per il cui utilizzo \u00e8 necessario fornire i propri dati (ad es. i tuoi dati potranno essere richiesti per accedere ai servizi di Newsletter, per contattarci, per segnalare ad un amico la tua \u201clista dei desideri\u201d, ecc.). <\/p>\n<p>Qualora Agricole Alberto Longo SAARL acquisisca informazioni e dati personali informer\u00e0 preventivamente gli utenti, ai sensi dell\u2019art.13 del Regolamento delle finalit\u00e0 per cui tali dati sono richiesti e delle modalit\u00e0 con cui saranno utilizzati. Ove necessario, Agricole Alberto Longo SAARL provveder\u00e0 ad acquisire il consenso specifico dell\u2019utente al relativo utilizzo dei dati. A titolo esemplificativo, potranno essere richiesti dati personali quali nome e cognome, numero di telefono,l\u2019indirizzo di posta elettronica ed altre informazioni che l\u2019utente accetta di fornire per utilizzare i servizi del Sito attraverso la compilazione di uno specifico modulo di registrazione. Agricole Alberto Longo SAARL utilizzer\u00e0 i dati personali raccolti on-line ai soli fini indicati in sede di registrazione.   <\/p>\n<p>I dati relativi alla connessione e navigazione all\u2019interno del Sito (quali gli indirizzi in notazione URI-Uniform Resource Identifier delle risorse richieste, l\u2019orario della richiesta, il metodo utilizzato nel sottoporre la richiesta al server, la dimensione del file ottenuto in risposta, il codice numerico indicante lo stato della risposta data dal server (buon fine, errore, ecc.) ed altri parametri relativi al sistema operativo e all\u2019ambiente informatico dell\u2019utente) sono raccolti al solo fine di ricavare informazioni statistiche anonime sull\u2019uso del Sito e per controllarne il corretto funzionamento e vengono cancellati immediatamente dopo l\u2019elaborazione. I dati potrebbero essere utilizzati per l\u2019accertamento di responsabilit\u00e0 in caso di ipotetici reati informatici ai danni del Sito: con esclusione di tale eventualit\u00e0, i dati saranno cancellati decorso il tempo utile per l\u2019erogazione dei servizi illustrati nel Sito. <\/p>\n<p>Con riferimento ai dati relativi alla navigazione all\u2019interno del Sito si veda anche il successivo punto 6 riguardante gli Strumenti di profilazione utilizzati dal Sito.<\/p>\n<p>3. Facoltativit\u00e0 del conferimento dei dati personali<\/p>\n<p>Il conferimento dei Dati Personali ha in linea generale natura facoltativa. Solo in determinati casi il mancato conferimento dei dati pu\u00f2 comportare l\u2019impossibilit\u00e0 di accedere a servizi specifici ed ottenere quanto eventualmente richiesto (ad es. la compilazione di alcuni campi come ad es. nome, cognome ecc. \u00e8 necessario per procedere all\u2019acquisto di prodotti on-line). <\/p>\n<p>4. Modalit\u00e0 di trattamento dei dati ed ambito di comunicazione<\/p>\n<p>I dati potranno essere trattati sia su supporto elettronico, che cartaceo. Agricole Alberto Longo SAARL garantisce il trattamento lecito e secondo correttezza dei dati personali forniti attraverso il Sito, nel pieno rispetto della normativa vigente, nonch\u00e9 la massima riservatezza dei dati forniti in sede di registrazione. Tutte le informazioni raccolte sono trasmesse in connessione protetta in modo da impedirne l\u2019intercettazione da parte di estranei. La sicurezza del Sito \u00e8 garantita e certificata da una societ\u00e0 leader tra i provider di servizi per la sicurezza su internet. Agricole Alberto Longo SAARL garantisce il trattamento lecito e secondo correttezza dei dati personali forniti attraverso il Sito, nel pieno rispetto della normativa vigente, nonch\u00e9 la massima riservatezza dei dati forniti in sede di registrazione. Tutte le informazioni raccolte sono trasmesse in connessione protetta in modo da impedirne l\u2019intercettazione da parte di estranei. La sicurezza del Sito \u00e8 garantita e certificata da una societ\u00e0 leader tra i provider di servizi per la sicurezza su internet.<\/p>\n<p>I dati non saranno comunicati o diffusi a terzi se non nei limiti ed alle condizioni espressamente indicate nell\u2019informativa di volta in volta fornita all\u2019utente e previa autorizzazione da parte dello stesso.<\/p>\n<p>5. Collegamenti ad altri siti<\/p>\n<p>La presente informativa \u00e8 fornita solo per il Sito Agricole Alberto Longo SAARL e non anche per altri siti web eventualmente consultati dall\u2019utente tramite link di collegamento. Agricole Alberto Longo SAARL non pu\u00f2 essere ritenuta responsabile dei dati personali forniti dagli utenti a soggetti esterni o a eventuali siti Web collegati al presente Sito. <\/p>\n<p>6. Strumenti di \u201cprofilazione\u201d e\/o personalizzazione<\/p>\n<p>Agricole Alberto Longo SAARL non svolge alcuna attivit\u00e0 di comunicazione promozionale e\/o pubblicitaria senza il preventivo consenso espresso dell\u2019utente.<\/p>\n<p>Il Sito utilizza \u201cCookies\u201d: si tratta di file di testo che vengono inviati da un server web (che \u00e8 il computer sul quale \u00e8 in esecuzione il sito web visitato) al browser dell\u2019utente (Internet Explorer, Mozilla Firefox, Google Chrome, ecc.) e memorizzati nel disco fisso del PC dell\u2019utente quando questi visita il Sito. Il cookie consente al Sito di identificare il PC dell\u2019utente, attraverso le informazioni in esso memorizzate, ogni qualvolta l\u2019utente si ricollega al Sito attraverso quel PC.<\/p>\n<p>Attraverso l\u2019utilizzo dei cookies ci \u00e8 possibile facilitare la navigazione dell\u2019utente all\u2019interno del Sito.<\/p>\n<p>I cookies non raccolgono informazioni direttamente identificative dell\u2019utente. Infatti Agricole Alberto Longo SAARL non pu\u00f2 attraverso i cookies risalire a nessuna informazione personale direttamente identificativa (es. nome, cognome) se non fornita direttamente dall\u2019utente. Inoltre, un altro sito web non pu\u00f2 utilizzare un cookie rilasciato dal Sito Agricole Alberto Longo SAARL per accedere ad altre informazioni contenute nel computer dell\u2019utente. Una volta salvato nel computer, il cookie pu\u00f2 essere letto solo dal sito web che lo ha creato.   <\/p>\n<p>Quali tipi di cookie utilizza Agricole Alberto Longo SAARL<\/p>\n<p>Cookie temporanei<\/p>\n<p>Sono i cd. \u201ccookie di sessione\u201d e sono rilasciati dal Sito sul computer dell\u2019utente durante la navigazione, ma vengono memorizzati esclusivamente per il tempo di durata della sessione di navigazione stessa. Ci\u00f2 significa che quando l\u2019utente chiude il suo browser i cookie vengono cancellati automaticamente e scompaiono, senza rimanere memorizzati sul computer. Sono formati da numeri casuali generati dal server e servono a consentire l\u2019esplorazione sicura ed efficiente del Sito. \u201ccookie di sessione\u201d e sono rilasciati dal Sito sul computer dell\u2019utente durante la navigazione, ma vengono memorizzati esclusivamente per il tempo di durata della sessione di navigazione stessa. Ci\u00f2 significa che quando l\u2019utente chiude il suo browser i cookie vengono cancellati automaticamente e scompaiono, senza rimanere memorizzati sul computer. Sono formati da numeri casuali generati dal server e servono a consentire l\u2019esplorazione sicura ed efficiente del Sito.<\/p>\n<p>Attraverso l\u2019utilizzo di tali cookies ci \u00e8 possibile facilitare la navigazione dell\u2019utente all\u2019interno del Sito, ad esempio ricordando i dati forniti dall\u2019utente nella compilazione di moduli sul Sito (c.d. user input cookies), per riconoscere l\u2019utente dopo che ha effettuato il log-in al Sito (c.d. cookies per l\u2019autenticazione), per personalizzare l\u2019interfaccia del sito sulla base delle preferenze indicate dall\u2019utente, ecc.<\/p>\n<p>Tali cookies non richiedono l\u2019acquisizione di un consenso preventivo ed espresso dell\u2019utente in quanto strettamente necessari ad erogare il servizio richiesto dall\u2019utente del Sito.<\/p>\n<p>Cookie permanenti<\/p>\n<p>Sono i cookies rilasciati dal Sito sul computer dell\u2019utente durante la navigazione, ma vengono memorizzati anche oltre per il tempo di durata della sessione di navigazione stessa, fino allo loro scadenza o sino alla cancellazione da parte dell\u2019utente stesso.<\/p>\n<p>L\u2019utilizzo di tali cookies richiede il consenso espresso ed informato dell\u2019utente. L\u2019utente, accedendo alla Home Page del Sito Agricole Alberto Longo SAARL, visualizzando il banner di informativa relativo ai cookies ivi presente e prendendo visione dell\u2019informativa fornita, fornisce pertanto il proprio specifico consenso all\u2019utilizzo dei cookies. E\u2019 altres\u00ec considerato un valido consenso da parte dell\u2019utente l\u2019aver configurato il proprio Browser internet (ad es. Explorer, Firefox, Chrome) al fine di accettare l\u2019utilizzo dei cookies. L\u2019utente, accedendo alla Home Page del Sito Agricole Alberto Longo SAARL, visualizzando il banner di informativa relativo ai cookies ivi presente e prendendo visione dell\u2019informativa fornita, fornisce pertanto il proprio specifico consenso all\u2019utilizzo dei cookies. E\u2019 altres\u00ec considerato un valido consenso da parte dell\u2019utente l\u2019aver configurato il proprio Browser internet (ad es. Explorer, Firefox, Chrome) al fine di accettare l\u2019utilizzo dei cookies.<\/p>\n<p>Inoltre qualora l\u2019utente si registri al Sito e fornisca il proprio specifico consenso al monitoraggio della sua navigazione, i dati relativi alla navigazione all\u2019interno del Sito potranno essere associati ai suoi dati personali.<\/p>\n<p>In merito ai cookies utilizzati nel Sito forniamo le seguenti informazioni:<\/p>\n<p>1) Il nome di dominio dal quale il server del Sito trasmette i cookies \u00e8: albertolongo.it<\/p>\n<p>2) Finalit\u00e0 della raccolta: i cookies sono utilizzati ai fini di (i) consentire una navigazione pi\u00f9 facile e veloce all\u2019interno del Sito, (ii) migliorare l\u2019esperienza di navigazione suggerendo i prodotti e le promozioni migliori in base alla navigazione svolta.  <\/p>\n<p>3) Dati raccolti: sono memorizzate le seguenti informazioni: gli indirizzi in notazione URI (Uniform Resource Identifier) delle risorse richieste, l\u2019orario della richiesta, il metodo utilizzato nel sottoporre la richiesta al server, la dimensione del file ottenuto in risposta, il codice numerico indicante lo stato della risposta data dal server (buon fine, errore, ecc.) ed altri parametri relativi al sistema operativo e all\u2019ambiente informatico dell\u2019utente.<\/p>\n<p>4) Validit\u00e0 dei cookies: il Sito utilizza cookies di sessione (ovvero cookies che vengono automaticamente cancellati alla chiusura del browser), nonch\u00e9 cookies permanenti (ovvero cookies che sono conservati sino ad eventuale cancellazione da parte dell\u2019utente), la cui durata non supera in ogni caso i sei mesi.<\/p>\n<p>5) Necessit\u00e0 di accettazione dei cookies: l\u2019accettazione dei cookies non \u00e8 obbligatoria ma la loro disattivazione, sebbene consenta la navigazione all\u2019interno del Sito, potrebbe non rendere possibile il rilascio di alcuni contenuti e funzionalit\u00e0 del Sito.<\/p>\n<p>6) Disattivazione e cancellazione dei cookies: \u00e8 possibile disattivare o cancellare i cookies in ogni momento. Per farlo \u00e8 necessario consultare le informazioni riportate nella Manuale d\u2019uso del browser (Help Page). In particolare se si desidera non ricevere cookies, \u00e8 possibile impostare il proprio browser in modo tale da essere avvertiti della presenza di un cookie potendo cos\u00ec decidere se accettarlo o meno; si possono anche rifiutare automaticamente tutti i cookies, attivando l\u2019apposita opzione nel browser.<\/p>\n<p>7) Comunicazione dei dati: le informazioni raccolte tramite i cookies sono riservate e non sono comunicate a terzi. Nei cookies (trasmessi dal dominio albertolongo.it) sono contenute le seguenti informazioni: un ID numerico che identifica in modo univoco Agricole Alberto Longo SAARL e un ID numerico che identifica l\u2019utente (che effettua la navigazione all\u2019interno del Sito), entrambi memorizzati all\u2019interno del nostro data base; un ID numerico che identifica univocamente la navigazione (c.d. \u201crecord\u201d) dell\u2019utente all\u2019interno del nostro data base; un ID alfanumerico di sessione pseudo-casuale automaticamente cancellato dal browser alla sua chiusura (cookie di sessione). <\/p>\n<p>Cookie tecnici:<\/p>\n<p>Google Analytics<br \/>Facebook Pixel<\/p>\n<p>Cookie di profilazione:<\/p>\n<p>AdForm<br \/>AppNexus<br \/>Criteo<br \/>Doubleclick<br \/>Facebook<br \/>Google Adwords<br \/>Google dynamic remarketing<br \/>Hi-Media<br \/>Tradedoubler<br \/>Prudsys<br \/>Einstein<br \/>Twitter<br \/>Google+<br \/>Pinterest<br \/>Affiliate Window<\/p>\n<p>I cookie di profilazione relativi alle attivit\u00e0 di remarketing tracciano gli utenti in forma profilata, ma anonima, anche se non sono loggati sul sito.<\/p>\n<p>In ogni caso l\u2019utente ha la facolt\u00e0 di disabilitare i cookie agendo sul pannello di controllo del proprio browser, ad esempio:<br \/>Mozilla Firefox<br \/>Google Chrome<br \/>Internet Explorer<br \/>Non sono utilizzati altri strumenti di profilazione dell\u2019utente in questo Sito (ad es. spyware).<\/p>\n<p>7. Diritti degli interessati<\/p>\n<p>Secondo quanto previsto dalla normativa vigente (artt. da 15 a 22 del Regolamento) Lei ha il diritto di ottenere l\u2019accesso alle Sue informazioni (art.15), la loro rettifica o integrazione (art.16), la loro cancellazione (il c.d. diritto all\u2019oblio, art.17), la limitazione del trattamento (art.18) il diritto alla portabilit\u00e0 dei Suoi dati (art.20), il diritto di opporsi al trattamento dei Suoi dati per motivi particolari (art. 21) e di non essere sottoposto ad un processo decisionale automatizzato (art.22); inoltre Le ricordiamo che Lei ha sempre il diritto di proporre un reclamo all\u2019Autorit\u00e0 Garante per il trattamento dei dati personali (www.garanteprivacy.it).<\/p>\n<p>Per esercitare tali diritti potr\u00e0 scrivere via e-mail all\u2019indirizzo info@albertolongo.it, o mediante comunicazione da inviare a Agricole Alberto Longo SAARL, via Piccinni 12 Bari, all\u2019attenzione del Responsabile della privacy.<\/p>\n<p>Lei avr\u00e0 diritto di revocare il consenso eventualmente prestato per l\u2019attivit\u00e0 di profilazione. Lei avr\u00e0 anche il diritto di revocare in qualsiasi momento, in tutto od in parte, il consenso eventualmente prestato per lo svolgimento di attivit\u00e0 di contatto per comunicazioni pubblicitarie\/promozionali. In tal caso Lei non sar\u00e0 pi\u00f9 destinatario di alcun tipo di comunicazione, con nessuna modalit\u00e0, elettronica o cartacea. Se lo desidera potr\u00e0 invece revocare il Suo consenso limitatamente alla ricezione di comunicazioni tramite e-mail, sms, mms, ecc. continuando a ricevere comunicazioni commerciali unicamente tramite posta cartacea o contatto telefonico con operatore, qualora previste.   <\/p>\n<p>8. Responsabile della protezione dei dati (Data Protection Officer)<\/p>\n<p>Agricole Alberto Longo SAARL ha nominato un Responsabile della Protezione dei Dati (noto anche come Data Protection Officer \u2013 DPO). Qualora volesse contattare il nostro Responsabile della protezione dei Dati, lo pu\u00f2 fare mediante: (i) comunicazione da inviare a Agricole Alberto Longo SAARL all\u2019attenzione del Responsabile della Protezione dei Dati, oppure (ii) via e-mail all\u2019indirizzo privacy@albertolongo.it.   <\/p>\n<p>9. Clausola di revisione<\/p>\n<p>Agricole Alberto Longo SAARL si riserva di rivedere in qualsiasi momento la presente Privacy Policy.<br \/>La versione pi\u00f9 recente della Privacy Policy \u00e8 sempre disponibile sul Sito.<\/p>\n<p>Il testo integrale del Regolamento \u00e8 consultabile sul sito del Garante per la Protezione dei dati personali www.garanteprivacy.it\/.<\/p>\n\t\t\t\t\t\t<\/div>\n\t\t\t\t<\/div>\n\t\t\t\t\t<\/div>\n\t\t\t\t<\/div>\n\t\t\t\t\t\t\t<\/div>\n\t\t","protected":false},"excerpt":{"rendered":"<p>Privacy and cookie policy Ai sensi dell\u2019art. 13 del Regolamento Comunitario 679\/2016\/UE Con la presente nota Agricole Alberto Longo SAARL intende informare gli utenti visitatori del sito web albertolongo.it (di seguito il \u201cSito\u201d) della Politica adottata in materia di Protezione dei dati personali sottolineando il proprio impegno ed attenzione con riferimento alla tutela della privacy [&hellip;]<\/p>\n","protected":false},"author":1,"featured_media":0,"parent":0,"menu_order":0,"comment_status":"closed","ping_status":"closed","template":"","meta":{"footnotes":""},"class_list":["post-11987","page","type-page","status-publish","hentry"],"acf":[],"_links":{"self":[{"href":"https:\/\/albertolongo.it\/en\/wp-json\/wp\/v2\/pages\/11987","targetHints":{"allow":["GET"]}}],"collection":[{"href":"https:\/\/albertolongo.it\/en\/wp-json\/wp\/v2\/pages"}],"about":[{"href":"https:\/\/albertolongo.it\/en\/wp-json\/wp\/v2\/types\/page"}],"author":[{"embeddable":true,"href":"https:\/\/albertolongo.it\/en\/wp-json\/wp\/v2\/users\/1"}],"replies":[{"embeddable":true,"href":"https:\/\/albertolongo.it\/en\/wp-json\/wp\/v2\/comments?post=11987"}],"version-history":[{"count":1,"href":"https:\/\/albertolongo.it\/en\/wp-json\/wp\/v2\/pages\/11987\/revisions"}],"predecessor-version":[{"id":11988,"href":"https:\/\/albertolongo.it\/en\/wp-json\/wp\/v2\/pages\/11987\/revisions\/11988"}],"wp:attachment":[{"href":"https:\/\/albertolongo.it\/en\/wp-json\/wp\/v2\/media?parent=11987"}],"curies":[{"name":"wp","href":"https:\/\/api.w.org\/{rel}","templated":true}]}}